{"id":3,"date":"2025-03-07T14:03:22","date_gmt":"2025-03-07T13:03:22","guid":{"rendered":"https:\/\/cpg-engineering.com\/?page_id=3"},"modified":"2025-06-21T21:11:14","modified_gmt":"2025-06-21T19:11:14","slug":"datenschutzerklaerung","status":"publish","type":"page","link":"https:\/\/cpg-engineering.com\/en\/datenschutzerklaerung\/","title":{"rendered":"Datenschutzerkl\u00e4rung"},"content":{"rendered":"<div data-elementor-type=\"wp-page\" data-elementor-id=\"3\" class=\"elementor elementor-3\" data-elementor-post-type=\"page\">\n\t\t\t\t<div class=\"elementor-element elementor-element-d96fc10 e-flex e-con-boxed e-con e-parent\" data-id=\"d96fc10\" data-element_type=\"container\" data-e-type=\"container\">\n\t\t\t\t\t<div class=\"e-con-inner\">\n\t\t<div class=\"elementor-element elementor-element-dc921f5 e-con-full caja-con-sombra e-flex e-con e-child\" data-id=\"dc921f5\" data-element_type=\"container\" data-e-type=\"container\" data-settings=\"{&quot;background_background&quot;:&quot;classic&quot;}\">\n\t\t\t\t<div class=\"elementor-element elementor-element-8a72151 elementor-widget elementor-widget-heading\" data-id=\"8a72151\" data-element_type=\"widget\" data-e-type=\"widget\" data-widget_type=\"heading.default\">\n\t\t\t\t<div class=\"elementor-widget-container\">\n\t\t\t\t\t<h2 class=\"elementor-heading-title elementor-size-default\">Datenschutzerkl\u00e4rung<\/h2>\t\t\t\t<\/div>\n\t\t\t\t<\/div>\n\t\t\t\t<\/div>\n\t\t\t\t\t<\/div>\n\t\t\t\t<\/div>\n\t\t<div class=\"elementor-element elementor-element-fdeafb5 e-flex e-con-boxed e-con e-child\" data-id=\"fdeafb5\" data-element_type=\"container\" data-e-type=\"container\">\n\t\t\t\t\t<div class=\"e-con-inner\">\n\t\t<div class=\"elementor-element elementor-element-a472d36 e-con-full caja-con-sombra e-flex e-con e-child\" data-id=\"a472d36\" data-element_type=\"container\" data-e-type=\"container\" data-settings=\"{&quot;background_background&quot;:&quot;classic&quot;}\">\n\t\t\t\t<div class=\"elementor-element elementor-element-a07016a elementor-widget__width-initial elementor-widget-mobile__width-inherit elementor-widget elementor-widget-text-editor\" data-id=\"a07016a\" data-element_type=\"widget\" data-e-type=\"widget\" data-widget_type=\"text-editor.default\">\n\t\t\t\t<div class=\"elementor-widget-container\">\n\t\t\t\t\t\t\t\t\t<h1><strong>1. Verantwortlicher<\/strong><\/h1><p>CPG planungsgesellschaft mbh<br \/>Borssenanger 8-10, D-09113 Chemnitz<br \/>info@cpg-engineering.com<\/p><h1><strong>2. Erhobene Daten beim Websitebesuch<\/strong><\/h1><p>Beim Besuch dieser Website werden durch den Hosting-Provider automatisch Informationen erfasst, die Ihr Browser \u00fcbermittelt. Diese sind:<br \/>\u00a0&#8211; IP-Adresse<br \/>\u00a0&#8211; Browsertyp und -version<br \/>\u00a0&#8211; verwendetes Betriebssystem<br \/>\u00a0&#8211; Referrer-URL<br \/>\u00a0&#8211; Uhrzeit der Serveranfrage<\/p><p>\u00a0Diese Daten dienen ausschlie\u00dflich der technischen Sicherheit (z.\u202fB. zur Abwehr von Angriffen) und werden nicht mit anderen Datenquellen zusammengef\u00fchrt.<\/p><h1><strong>3. Unser Hosting-Anbieter<\/strong><\/h1><p>Diese Website wird bei einem externen Dienstleister gehostet (Hosting-Anbieter). Personenbezogene Daten, die auf dieser Website erfasst werden, werden auf den Servern des Hosting-Anbieters verarbeitet. Hierzu k\u00f6nnen insbesondere IP-Adressen, Meta- und Kommunikationsdaten, Websitezugriffe und sonstige Daten geh\u00f6ren.<\/p><p>\u00a0Der Einsatz des Hosting-Anbieters erfolgt zum Zwecke der Vertragserf\u00fcllung gegen\u00fcber unseren potenziellen und bestehenden Kunden (Art. 6 Abs. 1 lit. b DSGVO) und im Interesse einer sicheren, schnellen und effizienten Bereitstellung unseres Online-Angebots durch einen professionellen Anbieter (Art. 6 Abs. 1 lit. f DSGVO).<\/p><p>\u00a0<strong>Hosting-Anbieter:<\/strong><br \/>STRATO GmbH<br \/>Otto-Ostrowski-Stra\u00dfe 7<br \/>10249 Berlin<\/p><p>https:\/\/www.strato.de\/datenschutz\/<\/p><h1><strong>4. Cookies<\/strong><\/h1><p>Diese Website verwendet keine\u00a0 Cookies.<\/p><h1><strong>5. Eingesetzte Plugins und externe Dienste<\/strong><\/h1><p>&#8211; TranslatePress: Merkt sich die von Ihnen gew\u00e4hlte Sprache mit Hilfe eines Cookies. Es findet keine \u00dcbertragung personenbezogener Daten an Dritte statt.<br \/>\u00a0<strong>6. Kontaktaufnahme per E-Mail<\/strong><\/p><p>Wenn Sie uns per E-Mail kontaktieren, wird Ihre Anfrage inklusive der daraus hervorgehenden personenbezogenen Daten (z.\u202fB. Name, Anfrageinhalt, E-Mail-Adresse) zum Zwecke der Bearbeitung der Anfrage bei uns gespeichert und verarbeitet. Diese Daten geben wir nicht ohne Ihre Einwilligung weiter.<\/p><h1><strong>7. Ihre Rechte<\/strong><\/h1><p>Sie haben das Recht auf:<br \/>\u00a0&#8211; Auskunft \u00fcber Ihre gespeicherten Daten<br \/>\u00a0&#8211; Berichtigung unrichtiger Daten<br \/>\u00a0&#8211; L\u00f6schung oder Einschr\u00e4nkung der Verarbeitung<br \/>\u00a0&#8211; Widerspruch gegen die Verarbeitung<br \/>\u00a0&#8211; Daten\u00fcbertragbarkeit<br \/>\u00a0&#8211; Beschwerde bei der zust\u00e4ndigen Datenschutzbeh\u00f6rde<\/p><h1><strong>8. Datensicherheit<\/strong><\/h1><p>Diese Website verwendet SSL-Verschl\u00fcsselung zum Schutz der Daten\u00fcbertragung.<\/p><h1><strong>9. \u00c4nderungen dieser Datenschutzerkl\u00e4rung<\/strong><\/h1><p>Diese Datenschutzerkl\u00e4rung ist aktuell g\u00fcltig (Stand: 05.06.2025). Wir behalten uns vor, sie bei technischen \u00c4nderungen oder neuen gesetzlichen Anforderungen anzupassen.<\/p>\t\t\t\t\t\t\t\t<\/div>\n\t\t\t\t<\/div>\n\t\t\t\t<\/div>\n\t\t\t\t\t<\/div>\n\t\t\t\t<\/div>\n\t\t\t\t<\/div>","protected":false},"excerpt":{"rendered":"<p>Datenschutzerkl\u00e4rung 1. Verantwortlicher CPG Planungsgesellschaft mbhBorssenanger 8-10, D-09113 Chemnitzinfo@cpg-engineering.com 2. Erhobene Daten beim Websitebesuch Beim Besuch dieser Website werden durch den Hosting-Provider automatisch Informationen erfasst, die Ihr Browser \u00fcbermittelt. Diese sind:\u00a0&#8211; IP-Adresse\u00a0&#8211; Browsertyp und -version\u00a0&#8211; verwendetes Betriebssystem\u00a0&#8211; Referrer-URL\u00a0&#8211; Uhrzeit der Serveranfrage \u00a0Diese Daten dienen ausschlie\u00dflich der technischen Sicherheit (z.\u202fB. zur Abwehr von Angriffen) und werden nicht mit anderen Datenquellen zusammengef\u00fchrt. [&hellip;]<\/p>\n","protected":false},"author":1,"featured_media":0,"parent":0,"menu_order":0,"comment_status":"closed","ping_status":"open","template":"elementor_header_footer","meta":{"footnotes":""},"class_list":["post-3","page","type-page","status-publish","hentry"],"_links":{"self":[{"href":"https:\/\/cpg-engineering.com\/en\/wp-json\/wp\/v2\/pages\/3","targetHints":{"allow":["GET"]}}],"collection":[{"href":"https:\/\/cpg-engineering.com\/en\/wp-json\/wp\/v2\/pages"}],"about":[{"href":"https:\/\/cpg-engineering.com\/en\/wp-json\/wp\/v2\/types\/page"}],"author":[{"embeddable":true,"href":"https:\/\/cpg-engineering.com\/en\/wp-json\/wp\/v2\/users\/1"}],"replies":[{"embeddable":true,"href":"https:\/\/cpg-engineering.com\/en\/wp-json\/wp\/v2\/comments?post=3"}],"version-history":[{"count":13,"href":"https:\/\/cpg-engineering.com\/en\/wp-json\/wp\/v2\/pages\/3\/revisions"}],"predecessor-version":[{"id":5405,"href":"https:\/\/cpg-engineering.com\/en\/wp-json\/wp\/v2\/pages\/3\/revisions\/5405"}],"wp:attachment":[{"href":"https:\/\/cpg-engineering.com\/en\/wp-json\/wp\/v2\/media?parent=3"}],"curies":[{"name":"wp","href":"https:\/\/api.w.org\/{rel}","templated":true}]}}